{"id":11,"date":"2024-07-24T05:46:09","date_gmt":"2024-07-24T05:46:09","guid":{"rendered":"https:\/\/id-intensivpflege.de\/index.php\/kurse\/"},"modified":"2024-07-24T05:46:09","modified_gmt":"2024-07-24T05:46:09","slug":"kurse","status":"publish","type":"page","link":"https:\/\/id-intensivpflege.de\/index.php\/kurse\/","title":{"rendered":"Kurse"},"content":{"rendered":"<div class=\"learndash-wrap\"><div id=\"ld-course-list-content-a40675790927e035f19c24559543d191\" class=\"ld-course-list-content\" data-shortcode-atts=\"{&quot;course_grid&quot;:&quot;true&quot;}\">\n\t\t\t<div class=\"ld-course-list-items row\">\n\t<!-- LearnDash Course Grid v1 --><div class=\"ld_course_grid col-sm-8 col-md-4 \">\n\t<article id=\"post-425\" class=\" thumbnail course post-425 sfwd-courses type-sfwd-courses status-publish has-post-thumbnail hentry\">\n\t\t\t\t\t\n\t\t\t\t\t\t<a href=\"https:\/\/id-intensivpflege.de\/index.php\/courses\/mikroschulungen\/\" rel=\"bookmark\">\n\t\t\t\t<img loading=\"lazy\" decoding=\"async\" width=\"300\" height=\"200\" src=\"https:\/\/id-intensivpflege.de\/wp-content\/uploads\/2024\/08\/cheerful-people-watching-laptop-300x200.jpg\" class=\"attachment-medium size-medium wp-post-image\" alt=\"\" srcset=\"https:\/\/id-intensivpflege.de\/wp-content\/uploads\/2024\/08\/cheerful-people-watching-laptop-300x200.jpg 300w, https:\/\/id-intensivpflege.de\/wp-content\/uploads\/2024\/08\/cheerful-people-watching-laptop-1024x683.jpg 1024w, https:\/\/id-intensivpflege.de\/wp-content\/uploads\/2024\/08\/cheerful-people-watching-laptop-768x512.jpg 768w, https:\/\/id-intensivpflege.de\/wp-content\/uploads\/2024\/08\/cheerful-people-watching-laptop-1536x1024.jpg 1536w, https:\/\/id-intensivpflege.de\/wp-content\/uploads\/2024\/08\/cheerful-people-watching-laptop-2048x1365.jpg 2048w\" sizes=\"auto, (max-width: 300px) 100vw, 300px\" \/>\t\t\t<\/a>\n\t\t\t\t\t\n\t\t\t\t\t<div class=\"caption\">\n\t\t\t\t<h3 class=\"entry-title\">Mikroschulungen<\/h3>\n\t\t\t\t\t\t\t\t<div class=\"entry-content\"><p>Im neuen Format der Mikroschulungen hast du die M\u00f6glichkeit, jede Woche eine neue Lerneinheit zu absolvieren. So bleibst du kontinuierlich auf dem neuesten Stand und kannst dich optimal f\u00fcr deine Arbeit in der au\u00dferklinischen Intensivpflege vorbereiten.<\/p>\n<\/div>\n\t\t\t\t\t\t\t\t<div class=\"ld_course_grid_button\"><a class=\"btn btn-primary\" role=\"button\" href=\"https:\/\/id-intensivpflege.de\/index.php\/courses\/mikroschulungen\/\" rel=\"bookmark\">Beginne Deinen Kurs<\/a><\/div>\n\t\t\t\t\t\t\t<\/div><!-- .entry-header -->\n\t\t\t<\/article><!-- #post-## -->\n<\/div><!-- .ld_course_grid -->\n<!-- LearnDash Course Grid v1 --><div class=\"ld_course_grid col-sm-8 col-md-4 \">\n\t<article id=\"post-71\" class=\" thumbnail course post-71 sfwd-courses type-sfwd-courses status-publish has-post-thumbnail hentry\">\n\t\t\t\t\t\n\t\t\t\t\t\t<a href=\"https:\/\/id-intensivpflege.de\/index.php\/courses\/thread-yarn-fabric-needles\/\" rel=\"bookmark\">\n\t\t\t\t<img loading=\"lazy\" decoding=\"async\" width=\"300\" height=\"256\" src=\"https:\/\/id-intensivpflege.de\/wp-content\/uploads\/2024\/07\/cropped-logoid-300x256.png\" class=\"attachment-medium size-medium wp-post-image\" alt=\"\" srcset=\"https:\/\/id-intensivpflege.de\/wp-content\/uploads\/2024\/07\/cropped-logoid-300x256.png 300w, https:\/\/id-intensivpflege.de\/wp-content\/uploads\/2024\/07\/cropped-logoid.png 467w\" sizes=\"auto, (max-width: 300px) 100vw, 300px\" \/>\t\t\t<\/a>\n\t\t\t\t\t\n\t\t\t\t\t<div class=\"caption\">\n\t\t\t\t<h3 class=\"entry-title\">Pflichtschulungen<\/h3>\n\t\t\t\t\t\t\t\t<div class=\"entry-content\"><p>In diesem Bereich kannst du deine Pflichtschulungen absolvieren, die du ben\u00f6tigst, um in der au\u00dferklinischen Intensivpflege arbeiten zu k\u00f6nnen. Diese Schulungen vermitteln dir das notwendige Wissen und die praktischen F\u00e4higkeiten, um in diesem anspruchsvollen und spezialisierten Bereich der Pflege professionell und sicher t\u00e4tig zu sein.<\/p>\n<\/div>\n\t\t\t\t\t\t\t\t<div class=\"ld_course_grid_button\"><a class=\"btn btn-primary\" role=\"button\" href=\"https:\/\/id-intensivpflege.de\/index.php\/courses\/thread-yarn-fabric-needles\/\" rel=\"bookmark\">Beginne Deinen Kurs<\/a><\/div>\n\t\t\t\t\t\t\t<\/div><!-- .entry-header -->\n\t\t\t<\/article><!-- #post-## -->\n<\/div><!-- .ld_course_grid -->\n\t<\/div>\n\t\t\t<\/div>\n\t\t<\/div>","protected":false},"excerpt":{"rendered":"","protected":false},"author":1,"featured_media":0,"parent":0,"menu_order":0,"comment_status":"closed","ping_status":"closed","template":"","meta":{"_price":"","_stock":"","_tribe_ticket_header":"","_tribe_default_ticket_provider":"","_tribe_ticket_capacity":"0","_ticket_start_date":"","_ticket_end_date":"","_tribe_ticket_show_description":"","_tribe_ticket_show_not_going":false,"_tribe_ticket_use_global_stock":"","_tribe_ticket_global_stock_level":"","_global_stock_mode":"","_global_stock_cap":"","_tribe_rsvp_for_event":"","_tribe_ticket_going_count":"","_tribe_ticket_not_going_count":"","_tribe_tickets_list":"[]","_tribe_ticket_has_attendee_info_fields":false,"_kadence_starter_templates_imported_post":false,"_kad_post_transparent":"","_kad_post_title":"","_kad_post_layout":"","_kad_post_sidebar_id":"","_kad_post_content_style":"","_kad_post_vertical_padding":"","_kad_post_feature":"","_kad_post_feature_position":"","_kad_post_header":false,"_kad_post_footer":false,"footnotes":"","_tec_slr_enabled":"","_tec_slr_layout":""},"class_list":["post-11","page","type-page","status-publish","hentry"],"ticketed":false,"_links":{"self":[{"href":"https:\/\/id-intensivpflege.de\/index.php\/wp-json\/wp\/v2\/pages\/11","targetHints":{"allow":["GET"]}}],"collection":[{"href":"https:\/\/id-intensivpflege.de\/index.php\/wp-json\/wp\/v2\/pages"}],"about":[{"href":"https:\/\/id-intensivpflege.de\/index.php\/wp-json\/wp\/v2\/types\/page"}],"author":[{"embeddable":true,"href":"https:\/\/id-intensivpflege.de\/index.php\/wp-json\/wp\/v2\/users\/1"}],"replies":[{"embeddable":true,"href":"https:\/\/id-intensivpflege.de\/index.php\/wp-json\/wp\/v2\/comments?post=11"}],"version-history":[{"count":1,"href":"https:\/\/id-intensivpflege.de\/index.php\/wp-json\/wp\/v2\/pages\/11\/revisions"}],"predecessor-version":[{"id":435,"href":"https:\/\/id-intensivpflege.de\/index.php\/wp-json\/wp\/v2\/pages\/11\/revisions\/435"}],"wp:attachment":[{"href":"https:\/\/id-intensivpflege.de\/index.php\/wp-json\/wp\/v2\/media?parent=11"}],"curies":[{"name":"wp","href":"https:\/\/api.w.org\/{rel}","templated":true}]}}