{"id":306,"date":"2024-07-24T08:16:46","date_gmt":"2024-07-24T08:16:46","guid":{"rendered":"https:\/\/id-intensivpflege.de\/?page_id=306"},"modified":"2024-07-24T09:05:11","modified_gmt":"2024-07-24T09:05:11","slug":"leistungen","status":"publish","type":"page","link":"https:\/\/id-intensivpflege.de\/index.php\/leistungen\/","title":{"rendered":"Leistungen"},"content":{"rendered":"\n<p><\/p>\n\n\n\n<div class=\"wp-block-media-text is-stacked-on-mobile\"><figure class=\"wp-block-media-text__media\"><img loading=\"lazy\" decoding=\"async\" width=\"1024\" height=\"711\" src=\"https:\/\/id-intensivpflege.de\/wp-content\/uploads\/2024\/07\/Unbenannt-29-4-1024x711.png\" alt=\"\" class=\"wp-image-307 size-full\" srcset=\"https:\/\/id-intensivpflege.de\/wp-content\/uploads\/2024\/07\/Unbenannt-29-4-1024x711.png 1024w, https:\/\/id-intensivpflege.de\/wp-content\/uploads\/2024\/07\/Unbenannt-29-4-300x208.png 300w, https:\/\/id-intensivpflege.de\/wp-content\/uploads\/2024\/07\/Unbenannt-29-4-768x533.png 768w, https:\/\/id-intensivpflege.de\/wp-content\/uploads\/2024\/07\/Unbenannt-29-4-1536x1066.png 1536w, https:\/\/id-intensivpflege.de\/wp-content\/uploads\/2024\/07\/Unbenannt-29-4-2048x1421.png 2048w\" sizes=\"auto, (max-width: 1024px) 100vw, 1024px\" \/><\/figure><div class=\"wp-block-media-text__content\">\n<p class=\"has-theme-palette-1-color has-text-color has-link-color wp-elements-2172f6d1c3694e8e79b3a9cf9b34106a\"><strong>\u00dcbernahme direkt von der Intensivstation<\/strong>: <\/p>\n\n\n\n<p>Wir gew\u00e4hrleisten eine reibungslose \u00dcbernahme unserer Klient*innen direkt von der Intensivstation in Ihre h\u00e4usliche Umgebung.<\/p>\n\n\n\n<p class=\"has-theme-palette-1-color has-text-color has-link-color wp-elements-56d400d1c53e355a74b72c91e6665378\"><strong>Bedarfsermittlung und Hilfsmittelorganisation vor Ort<\/strong>: <\/p>\n\n\n\n<p>Mit gro\u00dfer Sorgfalt ermitteln wir den individuellen Bedarf unserer Klient*innen und organisieren s\u00e4mtliche ben\u00f6tigten Hilfsmittel direkt vor Ort.<\/p>\n\n\n\n<p class=\"has-theme-palette-1-color has-text-color has-link-color wp-elements-ed2602128164e7c6f2b0b318cd427a26\"><strong>Erstellung eines ma\u00dfgeschneiderten Pflegeplans<\/strong>: <\/p>\n\n\n\n<p>Basierend auf den pers\u00f6nlichen Ressourcen und Bed\u00fcrfnissen unserer Klient*innen entwickeln wir einen detaillierten Pflegeplan, der h\u00f6chsten Standards entspricht.<\/p>\n<\/div><\/div>\n\n\n\n<div class=\"wp-block-media-text has-media-on-the-right is-stacked-on-mobile\"><div class=\"wp-block-media-text__content\">\n<p class=\"has-theme-palette-1-color has-text-color has-link-color wp-elements-07558f9c2b2b4b8e12f16b4b9856c4d4\"><strong>Einbindung der Angeh\u00f6rigen und palliativ-pflegerische Weiterversorgung<\/strong>: <\/p>\n\n\n\n<p>Angeh\u00f6rige sind f\u00fcr uns wichtige Partner im Pflegeprozess. Wir integrieren sie aktiv und bieten zus\u00e4tzlich eine einf\u00fchlsame palliativ-pflegerische Betreuung an.<\/p>\n\n\n\n<p class=\"has-theme-palette-1-color has-text-color has-link-color wp-elements-5e49fb4f9f5596a48677445bc84a1305\"><strong>Organisation rehabilitierender Ma\u00dfnahmen<\/strong>: <\/p>\n\n\n\n<p>Wir koordinieren gezielt rehabilitative Ma\u00dfnahmen wie Physiotherapie, Ergotherapie und Logop\u00e4die, um die Genesung unserer Klient*innen bestm\u00f6glich zu unterst\u00fctzen.<\/p>\n<\/div><figure class=\"wp-block-media-text__media\"><img loading=\"lazy\" decoding=\"async\" width=\"1024\" height=\"711\" src=\"https:\/\/id-intensivpflege.de\/wp-content\/uploads\/2024\/07\/Unbenannt-25-2-1024x711.png\" alt=\"\" class=\"wp-image-308 size-full\" srcset=\"https:\/\/id-intensivpflege.de\/wp-content\/uploads\/2024\/07\/Unbenannt-25-2-1024x711.png 1024w, https:\/\/id-intensivpflege.de\/wp-content\/uploads\/2024\/07\/Unbenannt-25-2-300x208.png 300w, https:\/\/id-intensivpflege.de\/wp-content\/uploads\/2024\/07\/Unbenannt-25-2-768x533.png 768w, https:\/\/id-intensivpflege.de\/wp-content\/uploads\/2024\/07\/Unbenannt-25-2-1536x1066.png 1536w, https:\/\/id-intensivpflege.de\/wp-content\/uploads\/2024\/07\/Unbenannt-25-2-2048x1421.png 2048w\" sizes=\"auto, (max-width: 1024px) 100vw, 1024px\" \/><\/figure><\/div>\n\n\n\n<div class=\"wp-block-media-text is-stacked-on-mobile\"><figure class=\"wp-block-media-text__media\"><img loading=\"lazy\" decoding=\"async\" width=\"1024\" height=\"711\" src=\"https:\/\/id-intensivpflege.de\/wp-content\/uploads\/2024\/07\/Unbenannt-26-4-1024x711.png\" alt=\"\" class=\"wp-image-309 size-full\" srcset=\"https:\/\/id-intensivpflege.de\/wp-content\/uploads\/2024\/07\/Unbenannt-26-4-1024x711.png 1024w, https:\/\/id-intensivpflege.de\/wp-content\/uploads\/2024\/07\/Unbenannt-26-4-300x208.png 300w, https:\/\/id-intensivpflege.de\/wp-content\/uploads\/2024\/07\/Unbenannt-26-4-768x533.png 768w, https:\/\/id-intensivpflege.de\/wp-content\/uploads\/2024\/07\/Unbenannt-26-4-1536x1066.png 1536w, https:\/\/id-intensivpflege.de\/wp-content\/uploads\/2024\/07\/Unbenannt-26-4-2048x1421.png 2048w\" sizes=\"auto, (max-width: 1024px) 100vw, 1024px\" \/><\/figure><div class=\"wp-block-media-text__content\">\n<p class=\"has-theme-palette-1-color has-text-color has-link-color wp-elements-3a2e4d3d1dce1dd235b39f105488b18c\"><strong>Qualifiziertes Fachpersonal<\/strong>: <\/p>\n\n\n\n<p>Unser Team besteht aus hochqualifizierten Alten-, Gesundheits- und Krankenpfleger*innen, die durch ihre Expertise und Empathie \u00fcberzeugen.<\/p>\n\n\n\n<p class=\"has-theme-palette-1-color has-text-color has-link-color wp-elements-deb26c6ce9efd47037c919654a38e5ed\"><strong>H\u00e4usliche Intensivpflege \u2013 Bei uns sind Sie zuhause bestens versorgt<\/strong><\/p>\n<\/div><\/div>\n","protected":false},"excerpt":{"rendered":"<p>\u00dcbernahme direkt von der Intensivstation: Wir gew\u00e4hrleisten eine reibungslose \u00dcbernahme unserer Klient*innen direkt von der Intensivstation in Ihre h\u00e4usliche Umgebung. Bedarfsermittlung und Hilfsmittelorganisation vor Ort: Mit gro\u00dfer Sorgfalt ermitteln wir&#8230;<\/p>\n","protected":false},"author":1,"featured_media":0,"parent":0,"menu_order":0,"comment_status":"closed","ping_status":"closed","template":"","meta":{"_price":"","_stock":"","_tribe_ticket_header":"","_tribe_default_ticket_provider":"","_tribe_ticket_capacity":"0","_ticket_start_date":"","_ticket_end_date":"","_tribe_ticket_show_description":"","_tribe_ticket_show_not_going":false,"_tribe_ticket_use_global_stock":"","_tribe_ticket_global_stock_level":"","_global_stock_mode":"","_global_stock_cap":"","_tribe_rsvp_for_event":"","_tribe_ticket_going_count":"","_tribe_ticket_not_going_count":"","_tribe_tickets_list":"[]","_tribe_ticket_has_attendee_info_fields":false,"_kadence_starter_templates_imported_post":false,"_kad_post_transparent":"","_kad_post_title":"","_kad_post_layout":"","_kad_post_sidebar_id":"","_kad_post_content_style":"","_kad_post_vertical_padding":"","_kad_post_feature":"","_kad_post_feature_position":"","_kad_post_header":false,"_kad_post_footer":false,"footnotes":"","_tec_slr_enabled":"","_tec_slr_layout":""},"class_list":["post-306","page","type-page","status-publish","hentry"],"ticketed":false,"_links":{"self":[{"href":"https:\/\/id-intensivpflege.de\/index.php\/wp-json\/wp\/v2\/pages\/306","targetHints":{"allow":["GET"]}}],"collection":[{"href":"https:\/\/id-intensivpflege.de\/index.php\/wp-json\/wp\/v2\/pages"}],"about":[{"href":"https:\/\/id-intensivpflege.de\/index.php\/wp-json\/wp\/v2\/types\/page"}],"author":[{"embeddable":true,"href":"https:\/\/id-intensivpflege.de\/index.php\/wp-json\/wp\/v2\/users\/1"}],"replies":[{"embeddable":true,"href":"https:\/\/id-intensivpflege.de\/index.php\/wp-json\/wp\/v2\/comments?post=306"}],"version-history":[{"count":5,"href":"https:\/\/id-intensivpflege.de\/index.php\/wp-json\/wp\/v2\/pages\/306\/revisions"}],"predecessor-version":[{"id":336,"href":"https:\/\/id-intensivpflege.de\/index.php\/wp-json\/wp\/v2\/pages\/306\/revisions\/336"}],"wp:attachment":[{"href":"https:\/\/id-intensivpflege.de\/index.php\/wp-json\/wp\/v2\/media?parent=306"}],"curies":[{"name":"wp","href":"https:\/\/api.w.org\/{rel}","templated":true}]}}