{"id":500,"date":"2025-03-03T09:30:34","date_gmt":"2025-03-03T09:30:34","guid":{"rendered":"https:\/\/id-intensivpflege.de\/?page_id=500"},"modified":"2025-03-03T09:30:39","modified_gmt":"2025-03-03T09:30:39","slug":"datenschutzerklaerung","status":"publish","type":"page","link":"https:\/\/id-intensivpflege.de\/index.php\/datenschutzerklaerung\/","title":{"rendered":"Datenschutzerkl\u00e4rung"},"content":{"rendered":"\n<p><\/p>\n\n\n\n<p>Hiermit informieren wir Sie \u00fcber die Verarbeitung Ihrer personenbezogenen Daten durch die audius smcTeam GmbH Co. KG und die Ihnen nach dem Datenschutzrecht zustehenden Rechte.<\/p>\n\n\n\n<p><strong>Wer ist f\u00fcr die Datenverarbeitung verantwortlich und wer ist Datenschutzbeauftragter?<\/strong><\/p>\n\n\n\n<p>Verantwortlicher f\u00fcr die Datenverarbeitung ist die<\/p>\n\n\n\n<p><strong>ID Intensivpflegedienst GmbH<\/strong><br>Blankenburger Stra\u00dfe 23<br>13089 Berlin<\/p>\n\n\n\n<p>Tel.: +49 30 46771214<\/p>\n\n\n\n<p>E-Mail: info@id-intensivpflege.de<\/p>\n\n\n\n<p>Bei Fragen zum Datenschutz wenden Sie sich bitte an die oben genannten Kontaktdaten.<\/p>\n\n\n\n<p><strong>Personenbezogene Daten<\/strong><\/p>\n\n\n\n<p>Personenbezogene Daten sind alle Informationen, die sich auf eine identifizierte oder identifizierbare nat\u00fcrliche Person beziehen. Hierunter fallen z. B. Angaben wie Name, Post-Adresse, E-Mail-Adresse oder Telefonnummer, ggf. aber auch Nutzungsdaten wie Ihre IP-Adresse. Informationen, die nicht direkt mit Ihrer wirklichen Identit\u00e4t in Verbindung gebracht werden (wie zum Beispiel favorisierte Webseiten oder Anzahl der Nutzer einer Site) fallen nicht darunter. Sie k\u00f6nnen unser Online-Angebot grunds\u00e4tzlich ohne Offenlegung Ihrer Identit\u00e4t nutzen. Wenn Sie sich f\u00fcr eine Kontaktanfrage entscheiden, fragen wir Sie nach Ihrem Namen und nach anderen pers\u00f6nlichen Informationen. Es unterliegt Ihrer freien Entscheidung, ob Sie diese Daten eingeben.<\/p>\n\n\n\n<p><strong>Einsatz von Cookies<\/strong><\/p>\n\n\n\n<p><strong><br>Welche Datenschutzrechte k\u00f6nnen Sie als Betroffener geltend machen?<\/strong><\/p>\n\n\n\n<p>Sie k\u00f6nnen unter der o.g. Adresse Auskunft \u00fcber die zu Ihrer Person gespeicherten Daten verlangen. Dar\u00fcber hinaus k\u00f6nnen Sie unter bestimmten Voraussetzungen die Berichtigung oder die L\u00f6schung Ihrer Daten verlangen. Ihnen kann weiterhin ein Recht auf Einschr\u00e4nkung der Verarbeitung Ihrer Daten sowie ein Recht auf Herausgabe der von Ihnen bereitgestellten Daten in einem strukturierten, g\u00e4ngigen und maschinenlesbaren Format zustehen.<\/p>\n\n\n\n<p><strong>Widerspruchsrecht<\/strong><\/p>\n\n\n\n<p>Sie haben das Recht, einer Verarbeitung Ihrer personenbezogenen Daten zu Zwecken der Direktwerbung ohne Angabe von Gr\u00fcnden zu widersprechen. Verarbeiten wir Ihre Daten zur Wahrung berechtigter Interessen, k\u00f6nnen Sie dieser Verarbeitung aus Gr\u00fcnden, die sich aus Ihrer besonderen Situation ergeben, widersprechen. Wir verarbeiten Ihre personenbezogenen Daten dann nicht mehr, es sei denn, wir k\u00f6nnen zwingende schutzw\u00fcrdige Gr\u00fcnde f\u00fcr die Verarbeitung nachweisen, die Ihre Interessen, Rechte und Freiheiten \u00fcberwiegen oder die Verarbeitung dient der Geltendmachung, Aus\u00fcbung oder Verteidigung von Rechtsanspr\u00fcchen.<\/p>\n\n\n\n<p><strong>Widerruf der Einwilligung<\/strong><\/p>\n\n\n\n<p>Basiert die Verarbeitung auf Art. 6 Abs. 1 a) haben Sie das Recht die Einwilligung jederzeit zu widerrufen.<\/p>\n\n\n\n<p><strong>Wo k\u00f6nnen Sie sich beschweren?<\/strong><\/p>\n\n\n\n<p>Sie haben die M\u00f6glichkeit, sich mit einer Beschwerde an den oben genannten Datenschutzbeauftragten oder an eine Datenschutzaufsichtsbeh\u00f6rde zu wenden. Die f\u00fcr uns zust\u00e4ndige Datenschutzaufsichtsbeh\u00f6rde ist:<\/p>\n\n\n\n<p>Berliner Beauftragte f\u00fcr Datenschutz und Informationsfreiheit<br>Alt-Moabit 59-61<br>10555 Berlin<br>Tel.:&nbsp;<a href=\"tel:+4930138890\">+49 30 13889-0<\/a><br>Fax: +49 30 215 50 50<br>E-Mail:&nbsp;<a href=\"https:\/\/www.datenschutz-berlin.de\/impressum\/\">mailbox@datenschutz-berlin.de<\/a><\/p>\n\n\n\n<p><strong>Wie lange werden Ihre Daten gespeichert?<\/strong><\/p>\n\n\n\n<p>Wir l\u00f6schen Ihre personenbezogenen Daten, sobald sie f\u00fcr die oben genannten Zwecke nicht mehr erforderlich sind. Nach Beendigung des Gesch\u00e4ftsverh\u00e4ltnisses werden Ihre personenbezogenen Daten gespeichert, solange wir dazu gesetzlich verpflichtet sind. Dies ergibt sich regelm\u00e4\u00dfig durch rechtliche Nachweis- und Aufbewahrungspflichten, die unter anderem im Handelsgesetzbuch und der Abgabenordnung geregelt sind. Die Speicherfristen betragen danach bis zu zehn Jahre. Au\u00dferdem kann es vorkommen, dass personenbezogene Daten f\u00fcr die Zeit aufbewahrt werden, in der Anspr\u00fcche gegen uns geltend gemacht werden k\u00f6nnen (gesetzliche Verj\u00e4hrungsfrist von drei oder bis zu drei\u00dfig Jahren).<\/p>\n\n\n\n<p><strong>Sind Sie verpflichtet, Ihre Daten bereitzustellen?<\/strong><\/p>\n\n\n\n<p>Im Rahmen Ihrer Kontaktaufnahme m\u00fcssen Sie diejenigen personenbezogenen Daten bereitstellen, die f\u00fcr die Kontaktaufnahme unsererseits erforderlich sind. Ohne diese Daten werden wir nicht in der Lage sein, Ihre Anfrage zu beantworten.<\/p>\n","protected":false},"excerpt":{"rendered":"<p>Hiermit informieren wir Sie \u00fcber die Verarbeitung Ihrer personenbezogenen Daten durch die audius smcTeam GmbH Co. KG und die Ihnen nach dem Datenschutzrecht zustehenden Rechte. Wer ist f\u00fcr die Datenverarbeitung&#8230;<\/p>\n","protected":false},"author":1,"featured_media":0,"parent":0,"menu_order":0,"comment_status":"closed","ping_status":"closed","template":"","meta":{"_price":"","_stock":"","_tribe_ticket_header":"","_tribe_default_ticket_provider":"","_tribe_ticket_capacity":"0","_ticket_start_date":"","_ticket_end_date":"","_tribe_ticket_show_description":"","_tribe_ticket_show_not_going":false,"_tribe_ticket_use_global_stock":"","_tribe_ticket_global_stock_level":"","_global_stock_mode":"","_global_stock_cap":"","_tribe_rsvp_for_event":"","_tribe_ticket_going_count":"","_tribe_ticket_not_going_count":"","_tribe_tickets_list":"[]","_tribe_ticket_has_attendee_info_fields":false,"_kadence_starter_templates_imported_post":false,"_kad_post_transparent":"","_kad_post_title":"","_kad_post_layout":"","_kad_post_sidebar_id":"","_kad_post_content_style":"","_kad_post_vertical_padding":"","_kad_post_feature":"","_kad_post_feature_position":"","_kad_post_header":false,"_kad_post_footer":false,"footnotes":"","_tec_slr_enabled":"","_tec_slr_layout":""},"class_list":["post-500","page","type-page","status-publish","hentry"],"ticketed":false,"_links":{"self":[{"href":"https:\/\/id-intensivpflege.de\/index.php\/wp-json\/wp\/v2\/pages\/500","targetHints":{"allow":["GET"]}}],"collection":[{"href":"https:\/\/id-intensivpflege.de\/index.php\/wp-json\/wp\/v2\/pages"}],"about":[{"href":"https:\/\/id-intensivpflege.de\/index.php\/wp-json\/wp\/v2\/types\/page"}],"author":[{"embeddable":true,"href":"https:\/\/id-intensivpflege.de\/index.php\/wp-json\/wp\/v2\/users\/1"}],"replies":[{"embeddable":true,"href":"https:\/\/id-intensivpflege.de\/index.php\/wp-json\/wp\/v2\/comments?post=500"}],"version-history":[{"count":1,"href":"https:\/\/id-intensivpflege.de\/index.php\/wp-json\/wp\/v2\/pages\/500\/revisions"}],"predecessor-version":[{"id":501,"href":"https:\/\/id-intensivpflege.de\/index.php\/wp-json\/wp\/v2\/pages\/500\/revisions\/501"}],"wp:attachment":[{"href":"https:\/\/id-intensivpflege.de\/index.php\/wp-json\/wp\/v2\/media?parent=500"}],"curies":[{"name":"wp","href":"https:\/\/api.w.org\/{rel}","templated":true}]}}